{"id":1623,"date":"2015-02-03T18:06:23","date_gmt":"2015-02-03T18:06:23","guid":{"rendered":"http:\/\/www.keneally.com\/chronology\/?page_id=1623"},"modified":"2021-08-07T14:16:11","modified_gmt":"2021-08-07T14:16:11","slug":"the-tour-chronology-2015","status":"publish","type":"page","link":"https:\/\/www.keneally.com\/chronology\/tour-chronology\/the-tour-chronology-2015\/","title":{"rendered":"The Tour Chronology: 2015"},"content":{"rendered":"<h2>The Tour Chronology: 2015<\/h2>\n<p><strong>January 21 2015 &#8211; The Baked Potato, Studio City, CA<\/strong><br \/>\nMike Keneally &amp; Beer For Dolphins<br \/>\npersonnel: MK, Bryan Beller (bass), Joe Travers (drums)<br \/>\nsetlist: (2 shows)<br \/>\ntape:<\/p>\n<p><strong>January 30 2015 &#8211; Java Joe&#8217;s, San Diego, CA<\/strong><br \/>\nMike Keneally, Jeff Berkley &amp; Jamie Shadowlight Trio<br \/>\npersonnel: MK, Jeff Berkley (guitar), Jamie Shadowlight (violin)<br \/>\nsetlist:<br \/>\ntape:<\/p>\n<p><img loading=\"lazy\" decoding=\"async\" class=\"aligncenter\" title=\"Mike Keneally, Jeff Berkley &amp; Jamie Shadowlight Trio\" src=\"http:\/\/www.keneally.com\/keneallist\/pix\/Java-Joe%27s-flyer_600.jpg\" alt=\"Mike Keneally, Jeff Berkley &amp; Jamie Shadowlight Trio\" width=\"600\" height=\"469\" \/><\/p>\n<p><strong>February 6 2015 &#8211; Verdi Club, San Francisco, CA<\/strong><br \/>\n<em>The 14th annual San Francisco Sketchfest<\/em><br \/>\n<em> BAKED with Brendon Small and Steve Agee<\/em><br \/>\n<em> Featuring Mike Keneally, Pete Griffin and Joe Travers<\/em><br \/>\n<em> And special guest comics Todd Barry, Greg Behrendt and Natasha Leggero<\/em><br \/>\npersonnel: MK, Brendon Small (vocals, guitar), Pete Griffin (bass), Joe Travers (drums)<br \/>\nsetlist:<br \/>\ntape:<\/p>\n<p><img loading=\"lazy\" decoding=\"async\" class=\"aligncenter\" src=\"http:\/\/www.keneally.com\/keneallist\/pix\/baked-poster_250.jpg\" alt=\"Baked\" width=\"250\" height=\"387\" \/><\/p>\n<p><strong>March 5 2015 &#8211; House Of Blues, San Diego, CA<\/strong><br \/>\n&#8220;<em>I&#8217;m sittin in with @umphreysmcgee at San Diego HOB tonight. Soundcheck is killing.<\/em>&#8221;<br \/>\npersonnel: MK, Umphrey&#8217;s McGee<br \/>\nsetlist:<br \/>\ntape:<\/p>\n<p><strong>March 8 2015 &#8211; Wesfest 10, The Roxy, West Hollywood, CA<\/strong><br \/>\n<em>A concert to benefit the Wes Wehmiller Scholarship at Berklee College of Music<br \/>\nHeadliner: Victor Wooten with special guest Steve Bailey<br \/>\nAlso performing\u2026<br \/>\nMike Keneally &amp; Beer For Dolphins (Keneally\/Beller\/Travers with a special guest toward the end of the set)<br \/>\nThe Wesfest All-Stars<\/em><br \/>\npersonnel: MK, Bryan Beller (bass), Joe Travers (drums)<br \/>\nsetlist:<br \/>\ntape:<\/p>\n<p><img loading=\"lazy\" decoding=\"async\" class=\"aligncenter\" src=\"http:\/\/www.keneally.com\/keneallist\/pix\/Wesfest10-poster_250.jpg\" alt=\"Wesfest\" width=\"250\" height=\"386\" \/><\/p>\n<p><strong>March 19 2015 &#8211; The Baked Potato, Studio City, CA<\/strong><br \/>\nBAKED with Brendon Small and Steve Agee!<br \/>\nFeaturing MK, Joe Travers and Walter Ito on musical instruments<br \/>\nWith special comedic guests Marc Maron and Rory Scovel<br \/>\npersonnel: MK, Joe Travers (drums), Walter Ito<br \/>\nsetlist:<br \/>\ntape:<\/p>\n<p><strong>March 20 2015 &#8211; The Baked Potato, Studio City, CA<\/strong><br \/>\nJAMIE KIME CD RELEASE CELEBRATION SHOW!<br \/>\nCelebrating Jamie&#8217;s superb album ALLEYS which I produced<br \/>\nFeaturing Jamie, MK, Joe Travers and Rico Belled<br \/>\npersonnel: Jamie Kime (guitar), MK, Joe Travers (drums), Rico Belled (bass)<br \/>\nsetlist:<br \/>\ntape:<\/p>\n<p><strong>March 21 2015 &#8211; The Baked Potato, Studio City, CA<\/strong><br \/>\nMIKE KENEALLY &amp; BEER FOR DOLPHINS going at it again<br \/>\nWith special guest Ben Thomas<br \/>\npersonnel: MK, Bryan Beller (bass), Joe Travers (drums), Ben Thomas (vocals, trumpet?)<br \/>\nsetlist:<br \/>\ntape:<\/p>\n<p><img loading=\"lazy\" decoding=\"async\" class=\"aligncenter\" src=\"http:\/\/keneally.com\/keneallist\/pix\/MK-BFD-Logo-2015-01_600.jpg\" alt=\"Beer For Dolphins\" width=\"600\" height=\"229\" \/><\/p>\n<p style=\"padding-left: 30px;\"><strong>June 6, 2015<\/strong><strong> &#8211; <\/strong><strong>Alva&#8217;s Showroom<\/strong><strong>, <\/strong><strong><strong>San Pedro, CA<\/strong><br \/>\n<\/strong>personnel: MK, Bryan Beller (bass), Joe Travers (drums)<br \/>\nsetlist:<br \/>\ntape:<\/p>\n<p style=\"padding-left: 30px;\"><strong>June 7, 2015 &#8211; <\/strong><strong>Semi-Private Backyard Party<\/strong><a href=\"mailto:bfdbash@laffland.com\" target=\"_blank\" rel=\"noopener\"><strong>, <\/strong><\/a><strong>El Cajon (near San Diego), CA<br \/>\n<\/strong>personnel: MK, Bryan Beller (bass), Joe Travers (drums)<br \/>\nsetlist:<br \/>\ntape:<\/p>\n<p style=\"padding-left: 30px;\"><strong>June 10, 2015<\/strong><strong> &#8211; <\/strong><strong>Biscuits &amp; Blues<\/strong><strong>, <\/strong><strong><strong>San Francisco, CA<\/strong><br \/>\n<\/strong>Two shows<strong><br \/>\n<\/strong>personnel: MK, Bryan Beller (bass), Joe Travers (drums)<br \/>\nsetlist:<br \/>\ntape:<\/p>\n<p style=\"padding-left: 30px;\"><strong>June 19, 2015 &#8211; The Baked Potato, Studio City, CA<\/strong><br \/>\nTwo shows<strong><br \/>\n<\/strong>personnel: MK, Bryan Beller (bass), Joe Travers (drums)<br \/>\nsetlist:<br \/>\ntape:<\/p>\n<p><strong>June 12, 2015 &#8211; The Wiltern, Los Angeles, CA<\/strong><br \/>\nBenefit For Cliff III feat. Joe Satriani, Steve Vai and Animals As Leaders<br \/>\n<em>&#8220;In support of our friend Cliff Cultreri who definitely can you use our help in his medical struggles &#8220;<\/em><br \/>\npersonnel: MK with Joe Satriani Band<br \/>\nsetlist:<br \/>\ntape:<\/p>\n<p><strong>June 18, 2015 &#8211; The Baked Potato, Studio City, CA<\/strong><br \/>\nSitting in with Jamie Kime&#8217;s band<br \/>\npersonnel: MK<br \/>\nsetlist:<br \/>\ntape:<\/p>\n<p><strong>June 28-July 2, 2015 &#8211; <a href=\"http:\/\/www.g4experience.com\/\" target=\"_blank\" rel=\"noopener\">G4 Experience<\/a> 2015, Cambira Pines Lodge, CA<\/strong><br \/>\nStarring Joe Satriani, Guthrie Govan, Mike Keneally and Tosin Abasi<br \/>\nWith Bryan Beller and Marco Minnemann from The Aristocrats, Javier Reyes and drummer Matt Garstka from Animal As Leaders<br \/>\nSpecial guests Andy Aledort, Doug Doppler,\u00a0Bruce Bouillet, Stu Hamm<\/p>\n<p><iframe loading=\"lazy\" title=\"G4 Experience 2015 w\/ Joe Satriani, Animals as Leaders, The Aristocrats, Mike Keneally &amp; More!\" width=\"840\" height=\"473\" src=\"https:\/\/www.youtube.com\/embed\/8Sp-i382_68?feature=oembed\" frameborder=\"0\" allow=\"accelerometer; autoplay; clipboard-write; encrypted-media; gyroscope; picture-in-picture\" allowfullscreen><\/iframe><\/p>\n<p><strong>August 21, 2015 &#8211; Downtown El Cajon&#8217;s Dinner and A Concert, El Cajon, CA<\/strong><br \/>\n<em>Back To The Garden Celebrates the Music of Eric Clapton<\/em><br \/>\nSpecial Guest: Mike Keneally<br \/>\npersonnel: MK<br \/>\nsetlist:<br \/>\ntape:<\/p>\n<p>&nbsp;<\/p>\n<figure id=\"attachment_1624\" aria-describedby=\"caption-attachment-1624\" style=\"width: 599px\" class=\"wp-caption aligncenter\"><a title=\"Satriani\" href=\"http:\/\/satriani.com\/road\/\" target=\"_blank\" rel=\"noopener\"><img loading=\"lazy\" decoding=\"async\" class=\"size-full wp-image-1624\" src=\"https:\/\/www.keneally.com\/chronology\/wp-content\/uploads\/2015\/02\/2015satriani.jpg\" alt=\"Joe Satriani The Shockwave Tour\" width=\"599\" height=\"776\" srcset=\"https:\/\/www.keneally.com\/chronology\/wp-content\/uploads\/2015\/02\/2015satriani.jpg 599w, https:\/\/www.keneally.com\/chronology\/wp-content\/uploads\/2015\/02\/2015satriani-232x300.jpg 232w\" sizes=\"auto, (max-width: 599px) 100vw, 599px\" \/><\/a><figcaption id=\"caption-attachment-1624\" class=\"wp-caption-text\"><strong>Joe Satriani The Shockwave Tour<\/strong><\/figcaption><\/figure>\n<p>Sep 17, 2015 &#8211; Z\u00e9nith Nantes M\u00e9tropole Nantes, FR<br \/>\nSep 18, 2015 &#8211; Espace du Crouzy Boisseuil, FR<br \/>\nSep 19, 2015 &#8211; Th\u00e9\u00e2tre F\u00e9mina Bordeaux, FR<br \/>\nSep 20, 2015 &#8211; Casino Barriere Toulouse, FR<br \/>\nSep 21, 2015 &#8211; Silo \u2013 Marseille Marseille, FR<br \/>\nSep 22, 2015 &#8211; Amphith\u00e9\u00e2tre de la Cit\u00e9 Internationale Lyon, FR<br \/>\nSep 24, 2015 &#8211; Grand Rex Paris, FR<br \/>\nSep 25, 2015 &#8211; Th\u00e9\u00e2tre S\u00e9bastopol Lille, FR<br \/>\nSep 26, 2015 &#8211; Limburg Hall Heerlen, NL<br \/>\nSep 27, 2015 &#8211; De Roma Antwerp, BE<br \/>\nSep 28, 2015 &#8211; De Oosterport Groningen, NL<br \/>\nSep 30, 2015 &#8211; Kursaal Auditorium San Sebastian, ES<br \/>\nOct 1, 2015 &#8211; Circo Price Madrid, ES<br \/>\nOct 2, 2015 &#8211; Sala Barts Barcelona, ES<br \/>\nOct 3, 2015 &#8211; Salle Garnier Monte-Carlo, MC<br \/>\nOct 5, 2015 &#8211; Teatro della Luna Milan, IT<br \/>\nOct 6, 2015 &#8211; Teatro Obihall Florence, IT<br \/>\nOct 7, 2015 &#8211; Auditorium Parco della Musica Rome, IT<br \/>\nOct 8, 2015 &#8211; Palariviera San Benedetto del Tronto, IT<br \/>\nOct 9, 2015 &#8211; Patria Hall Budapest, HU<br \/>\nOct 11, 2015 &#8211; National Palace of Culture Sofia, BG<br \/>\nOct 12, 2015 &#8211; Sala Polivalenta Bucharest, RO<br \/>\nOct 13, 2015 &#8211; Sala Polivalenta Cluj-Napoca, RO<br \/>\nOct 14, 2015 &#8211; Aegon Arena Bratislava, SK<br \/>\nOct 15, 2015 &#8211; Tisport Arena Prague, CZ<br \/>\nOct 16, 2015 &#8211; Werk Arena Trinec, CZ<br \/>\nOct 18, 2015 &#8211; Torwar Warsaw, PL<br \/>\nOct 19, 2015 &#8211; Rock Caf\u00e9 Tallinn, EE<br \/>\nOct 20, 2015 &#8211; Circus Helsinki, FI<br \/>\nOct 22, 2015 &#8211; Debaser Medis Stockholm, SE<br \/>\nOct 23, 2015 &#8211; Skraaen Aalborg, DK<br \/>\nOct 25, 2015 &#8211; Cirkus Krone Munich, DE<br \/>\nOct 26, 2015 &#8211; Laeishalle Hamburg, DE<br \/>\nOct 27, 2015 &#8211; Admiralspalast Berlin, DE<br \/>\nOct 28, 2015 &#8211; Theaterhaus Stuttgart, DE<br \/>\nOct 29, 2015 &#8211; Salle Metropole Lausanne, CH<br \/>\nOct 30, 2015 &#8211; Ruhrcongress Bochum, DE<br \/>\nNov 1, 2015 &#8211; Manchester 02 Apollo Manchester, GB<br \/>\nNov 2, 2015 &#8211; Birmingham Symphony Hall Birmingham, GB<br \/>\nNov 3, 2015 &#8211; Glasgow Royal Concert Hall Glasgow, GB<br \/>\nNov 4, 2015 &#8211; Sheffield City Hall Sheffield, GB<br \/>\nNov 5, 2015 &#8211; Cardiff St. David&#8217;s Hall Cardiff, GB<br \/>\nNov 7, 2015 &#8211; Southend Cliffs Pavilion Southend-on-Sea, GB<br \/>\nNov 8, 2015 &#8211; Bristol Colston Hall Bristol, GB<br \/>\nNov 9, 2015 &#8211; Portsmouth Guild Hall Hampshire, GB<br \/>\nNov 10, 2015 &#8211; Eventim Hammersmith Apollo London, GB<\/p>\n<p>&nbsp;<\/p>\n","protected":false},"excerpt":{"rendered":"<p>The Tour Chronology: 2015 January 21 2015 &#8211; The Baked Potato, Studio City, CA Mike Keneally &amp; Beer For Dolphins[&#8230;]<\/p>\n","protected":false},"author":3,"featured_media":0,"parent":964,"menu_order":52015,"comment_status":"closed","ping_status":"open","template":"","meta":{"footnotes":""},"class_list":["post-1623","page","type-page","status-publish","hentry"],"yoast_head":"<!-- This site is optimized with the Yoast SEO plugin v27.5 - https:\/\/yoast.com\/product\/yoast-seo-wordpress\/ -->\n<title>The Tour Chronology: 2015 - The Mike Keneally Tour Chronology<\/title>\n<meta name=\"robots\" content=\"index, follow, max-snippet:-1, max-image-preview:large, max-video-preview:-1\" \/>\n<link rel=\"canonical\" href=\"https:\/\/www.keneally.com\/chronology\/tour-chronology\/the-tour-chronology-2015\/\" \/>\n<meta property=\"og:locale\" content=\"en_US\" \/>\n<meta property=\"og:type\" content=\"article\" \/>\n<meta property=\"og:title\" content=\"The Tour Chronology: 2015 - The Mike Keneally Tour Chronology\" \/>\n<meta property=\"og:description\" content=\"The Tour Chronology: 2015 January 21 2015 &#8211; The Baked Potato, Studio City, CA Mike Keneally &amp; Beer For Dolphins[...]\" \/>\n<meta property=\"og:url\" content=\"https:\/\/www.keneally.com\/chronology\/tour-chronology\/the-tour-chronology-2015\/\" \/>\n<meta property=\"og:site_name\" content=\"The Mike Keneally Tour Chronology\" \/>\n<meta property=\"article:modified_time\" content=\"2021-08-07T14:16:11+00:00\" \/>\n<meta property=\"og:image\" content=\"http:\/\/www.keneally.com\/keneallist\/pix\/Java-Joe%27s-flyer_600.jpg\" \/>\n<meta name=\"twitter:card\" content=\"summary_large_image\" \/>\n<meta name=\"twitter:label1\" content=\"Est. reading time\" \/>\n\t<meta name=\"twitter:data1\" content=\"4 minutes\" \/>\n<script type=\"application\/ld+json\" class=\"yoast-schema-graph\">{\"@context\":\"https:\\\/\\\/schema.org\",\"@graph\":[{\"@type\":\"WebPage\",\"@id\":\"https:\\\/\\\/www.keneally.com\\\/chronology\\\/tour-chronology\\\/the-tour-chronology-2015\\\/\",\"url\":\"https:\\\/\\\/www.keneally.com\\\/chronology\\\/tour-chronology\\\/the-tour-chronology-2015\\\/\",\"name\":\"The Tour Chronology: 2015 - The Mike Keneally Tour Chronology\",\"isPartOf\":{\"@id\":\"https:\\\/\\\/www.keneally.com\\\/chronology\\\/#website\"},\"primaryImageOfPage\":{\"@id\":\"https:\\\/\\\/www.keneally.com\\\/chronology\\\/tour-chronology\\\/the-tour-chronology-2015\\\/#primaryimage\"},\"image\":{\"@id\":\"https:\\\/\\\/www.keneally.com\\\/chronology\\\/tour-chronology\\\/the-tour-chronology-2015\\\/#primaryimage\"},\"thumbnailUrl\":\"http:\\\/\\\/www.keneally.com\\\/keneallist\\\/pix\\\/Java-Joe%27s-flyer_600.jpg\",\"datePublished\":\"2015-02-03T18:06:23+00:00\",\"dateModified\":\"2021-08-07T14:16:11+00:00\",\"breadcrumb\":{\"@id\":\"https:\\\/\\\/www.keneally.com\\\/chronology\\\/tour-chronology\\\/the-tour-chronology-2015\\\/#breadcrumb\"},\"inLanguage\":\"en-US\",\"potentialAction\":[{\"@type\":\"ReadAction\",\"target\":[\"https:\\\/\\\/www.keneally.com\\\/chronology\\\/tour-chronology\\\/the-tour-chronology-2015\\\/\"]}]},{\"@type\":\"ImageObject\",\"inLanguage\":\"en-US\",\"@id\":\"https:\\\/\\\/www.keneally.com\\\/chronology\\\/tour-chronology\\\/the-tour-chronology-2015\\\/#primaryimage\",\"url\":\"http:\\\/\\\/www.keneally.com\\\/keneallist\\\/pix\\\/Java-Joe%27s-flyer_600.jpg\",\"contentUrl\":\"http:\\\/\\\/www.keneally.com\\\/keneallist\\\/pix\\\/Java-Joe%27s-flyer_600.jpg\"},{\"@type\":\"BreadcrumbList\",\"@id\":\"https:\\\/\\\/www.keneally.com\\\/chronology\\\/tour-chronology\\\/the-tour-chronology-2015\\\/#breadcrumb\",\"itemListElement\":[{\"@type\":\"ListItem\",\"position\":1,\"name\":\"Home\",\"item\":\"https:\\\/\\\/www.keneally.com\\\/chronology\\\/\"},{\"@type\":\"ListItem\",\"position\":2,\"name\":\"The Mike Keneally Tour Chronology\",\"item\":\"https:\\\/\\\/www.keneally.com\\\/chronology\\\/\"},{\"@type\":\"ListItem\",\"position\":3,\"name\":\"The Tour Chronology: 2015\"}]},{\"@type\":\"WebSite\",\"@id\":\"https:\\\/\\\/www.keneally.com\\\/chronology\\\/#website\",\"url\":\"https:\\\/\\\/www.keneally.com\\\/chronology\\\/\",\"name\":\"The Mike Keneally Tour Chronology\",\"description\":\"Mike Keneally shows, tours, gigs and appearances, with setlists, comments, photos and more.\",\"publisher\":{\"@id\":\"https:\\\/\\\/www.keneally.com\\\/chronology\\\/#organization\"},\"potentialAction\":[{\"@type\":\"SearchAction\",\"target\":{\"@type\":\"EntryPoint\",\"urlTemplate\":\"https:\\\/\\\/www.keneally.com\\\/chronology\\\/?s={search_term_string}\"},\"query-input\":{\"@type\":\"PropertyValueSpecification\",\"valueRequired\":true,\"valueName\":\"search_term_string\"}}],\"inLanguage\":\"en-US\"},{\"@type\":\"Organization\",\"@id\":\"https:\\\/\\\/www.keneally.com\\\/chronology\\\/#organization\",\"name\":\"The Mike Keneally Tour Chronology\",\"url\":\"https:\\\/\\\/www.keneally.com\\\/chronology\\\/\",\"logo\":{\"@type\":\"ImageObject\",\"inLanguage\":\"en-US\",\"@id\":\"https:\\\/\\\/www.keneally.com\\\/chronology\\\/#\\\/schema\\\/logo\\\/image\\\/\",\"url\":\"https:\\\/\\\/www.keneally.com\\\/chronology\\\/wp-content\\\/uploads\\\/2021\\\/07\\\/signature_mk_small.png\",\"contentUrl\":\"https:\\\/\\\/www.keneally.com\\\/chronology\\\/wp-content\\\/uploads\\\/2021\\\/07\\\/signature_mk_small.png\",\"width\":200,\"height\":45,\"caption\":\"The Mike Keneally Tour Chronology\"},\"image\":{\"@id\":\"https:\\\/\\\/www.keneally.com\\\/chronology\\\/#\\\/schema\\\/logo\\\/image\\\/\"}}]}<\/script>\n<!-- \/ Yoast SEO plugin. -->","yoast_head_json":{"title":"The Tour Chronology: 2015 - The Mike Keneally Tour Chronology","robots":{"index":"index","follow":"follow","max-snippet":"max-snippet:-1","max-image-preview":"max-image-preview:large","max-video-preview":"max-video-preview:-1"},"canonical":"https:\/\/www.keneally.com\/chronology\/tour-chronology\/the-tour-chronology-2015\/","og_locale":"en_US","og_type":"article","og_title":"The Tour Chronology: 2015 - The Mike Keneally Tour Chronology","og_description":"The Tour Chronology: 2015 January 21 2015 &#8211; The Baked Potato, Studio City, CA Mike Keneally &amp; Beer For Dolphins[...]","og_url":"https:\/\/www.keneally.com\/chronology\/tour-chronology\/the-tour-chronology-2015\/","og_site_name":"The Mike Keneally Tour Chronology","article_modified_time":"2021-08-07T14:16:11+00:00","og_image":[{"url":"http:\/\/www.keneally.com\/keneallist\/pix\/Java-Joe%27s-flyer_600.jpg","type":"","width":"","height":""}],"twitter_card":"summary_large_image","twitter_misc":{"Est. reading time":"4 minutes"},"schema":{"@context":"https:\/\/schema.org","@graph":[{"@type":"WebPage","@id":"https:\/\/www.keneally.com\/chronology\/tour-chronology\/the-tour-chronology-2015\/","url":"https:\/\/www.keneally.com\/chronology\/tour-chronology\/the-tour-chronology-2015\/","name":"The Tour Chronology: 2015 - The Mike Keneally Tour Chronology","isPartOf":{"@id":"https:\/\/www.keneally.com\/chronology\/#website"},"primaryImageOfPage":{"@id":"https:\/\/www.keneally.com\/chronology\/tour-chronology\/the-tour-chronology-2015\/#primaryimage"},"image":{"@id":"https:\/\/www.keneally.com\/chronology\/tour-chronology\/the-tour-chronology-2015\/#primaryimage"},"thumbnailUrl":"http:\/\/www.keneally.com\/keneallist\/pix\/Java-Joe%27s-flyer_600.jpg","datePublished":"2015-02-03T18:06:23+00:00","dateModified":"2021-08-07T14:16:11+00:00","breadcrumb":{"@id":"https:\/\/www.keneally.com\/chronology\/tour-chronology\/the-tour-chronology-2015\/#breadcrumb"},"inLanguage":"en-US","potentialAction":[{"@type":"ReadAction","target":["https:\/\/www.keneally.com\/chronology\/tour-chronology\/the-tour-chronology-2015\/"]}]},{"@type":"ImageObject","inLanguage":"en-US","@id":"https:\/\/www.keneally.com\/chronology\/tour-chronology\/the-tour-chronology-2015\/#primaryimage","url":"http:\/\/www.keneally.com\/keneallist\/pix\/Java-Joe%27s-flyer_600.jpg","contentUrl":"http:\/\/www.keneally.com\/keneallist\/pix\/Java-Joe%27s-flyer_600.jpg"},{"@type":"BreadcrumbList","@id":"https:\/\/www.keneally.com\/chronology\/tour-chronology\/the-tour-chronology-2015\/#breadcrumb","itemListElement":[{"@type":"ListItem","position":1,"name":"Home","item":"https:\/\/www.keneally.com\/chronology\/"},{"@type":"ListItem","position":2,"name":"The Mike Keneally Tour Chronology","item":"https:\/\/www.keneally.com\/chronology\/"},{"@type":"ListItem","position":3,"name":"The Tour Chronology: 2015"}]},{"@type":"WebSite","@id":"https:\/\/www.keneally.com\/chronology\/#website","url":"https:\/\/www.keneally.com\/chronology\/","name":"The Mike Keneally Tour Chronology","description":"Mike Keneally shows, tours, gigs and appearances, with setlists, comments, photos and more.","publisher":{"@id":"https:\/\/www.keneally.com\/chronology\/#organization"},"potentialAction":[{"@type":"SearchAction","target":{"@type":"EntryPoint","urlTemplate":"https:\/\/www.keneally.com\/chronology\/?s={search_term_string}"},"query-input":{"@type":"PropertyValueSpecification","valueRequired":true,"valueName":"search_term_string"}}],"inLanguage":"en-US"},{"@type":"Organization","@id":"https:\/\/www.keneally.com\/chronology\/#organization","name":"The Mike Keneally Tour Chronology","url":"https:\/\/www.keneally.com\/chronology\/","logo":{"@type":"ImageObject","inLanguage":"en-US","@id":"https:\/\/www.keneally.com\/chronology\/#\/schema\/logo\/image\/","url":"https:\/\/www.keneally.com\/chronology\/wp-content\/uploads\/2021\/07\/signature_mk_small.png","contentUrl":"https:\/\/www.keneally.com\/chronology\/wp-content\/uploads\/2021\/07\/signature_mk_small.png","width":200,"height":45,"caption":"The Mike Keneally Tour Chronology"},"image":{"@id":"https:\/\/www.keneally.com\/chronology\/#\/schema\/logo\/image\/"}}]}},"_links":{"self":[{"href":"https:\/\/www.keneally.com\/chronology\/wp-json\/wp\/v2\/pages\/1623","targetHints":{"allow":["GET"]}}],"collection":[{"href":"https:\/\/www.keneally.com\/chronology\/wp-json\/wp\/v2\/pages"}],"about":[{"href":"https:\/\/www.keneally.com\/chronology\/wp-json\/wp\/v2\/types\/page"}],"author":[{"embeddable":true,"href":"https:\/\/www.keneally.com\/chronology\/wp-json\/wp\/v2\/users\/3"}],"replies":[{"embeddable":true,"href":"https:\/\/www.keneally.com\/chronology\/wp-json\/wp\/v2\/comments?post=1623"}],"version-history":[{"count":11,"href":"https:\/\/www.keneally.com\/chronology\/wp-json\/wp\/v2\/pages\/1623\/revisions"}],"predecessor-version":[{"id":1993,"href":"https:\/\/www.keneally.com\/chronology\/wp-json\/wp\/v2\/pages\/1623\/revisions\/1993"}],"up":[{"embeddable":true,"href":"https:\/\/www.keneally.com\/chronology\/wp-json\/wp\/v2\/pages\/964"}],"wp:attachment":[{"href":"https:\/\/www.keneally.com\/chronology\/wp-json\/wp\/v2\/media?parent=1623"}],"curies":[{"name":"wp","href":"https:\/\/api.w.org\/{rel}","templated":true}]}}