{"id":1843,"date":"2021-06-01T09:00:45","date_gmt":"2021-06-01T09:00:45","guid":{"rendered":"https:\/\/www.keneally.com\/chronology\/?page_id=1843"},"modified":"2021-08-02T08:14:35","modified_gmt":"2021-08-02T08:14:35","slug":"the-tour-chronology-2018","status":"publish","type":"page","link":"https:\/\/www.keneally.com\/chronology\/tour-chronology\/the-tour-chronology-2018\/","title":{"rendered":"The Tour Chronology: 2018"},"content":{"rendered":"\n<div class=\"wp-block-image\"><figure class=\"aligncenter size-large\"><img decoding=\"async\" src=\"http:\/\/satriani.com\/images\/banner-g3_2018_new-nolink.jpg\" alt=\"2018 G3 TOUR\"\/><\/figure><\/div>\n\n\n\n<h2 class=\"has-text-align-center wp-block-heading\">2018 WHAT HAPPENS NEXT \/ G3 U.S. TOUR<\/h2>\n\n\n\n<h3 class=\"has-text-align-center wp-block-heading\">FEATURING JOE SATRIANI <br>JOINED BY JOHN PETRUCCI (DREAM THEATER) <br>AND PHIL COLLEN (DEF LEPPARD)<\/h3>\n\n\n\n<h4 class=\"has-text-align-center wp-block-heading\">JOE SATRIANI (GUITAR), MIKE KENEALLY (KEYBOARDS\/GUITAR), BRYAN BELLER (BASS) AND JOE TRAVERS (DRUMS)<\/h4>\n\n\n\n<p>JAN 11, 2018 SEATTLE, WA  &#8211;  THE MOORE THEATRE<br>JAN 12, 2018 SALEM, OR  &#8211;  HISTORIC ELSINORE THEATRE<br>JAN 13, 2018 RENO, NV  &#8211;  GRAND SIERRA THEATRE<br>JAN 14, 2018 OAKLAND, CA  &#8211;  FOX THEATER<br>JAN 16, 2018 SALT LAKE CITY, UT  &#8211;  DELTA HALL AT ECCLES THEATER<br>JAN 17, 2018 LAS VEGAS, NV  &#8211;  BROOKLYN BOWL<br>JAN 18, 2018 MESA, AZ  &#8211;  MESA ARTS CENTER<br>JAN 19, 2018 LOS ANGELES, CA  &#8211;  ORPHEUM THEATRE<br>JAN 20, 2018 SAN DIEGO, CA  &#8211;  BALBOA THEATRE<br>JAN 21, 2018 TUCSON, AZ  &#8211;  FOX TUCSON THEATRE<br>JAN 24, 2018 DENVER, CO  &#8211;  HISTORIC PARAMOUNT THEATRE<br>JAN 25, 2018 KANSAS CITY, MO  &#8211;  UPTOWN THEATER<br>JAN 26, 2018 IRVING, TX  &#8211;  THE PAVILION AT THE TOYOTA MUSIC FACTORY<br>JAN 27, 2018 AUSTIN, TX  &#8211;  AUSTIN CITY LIMITS &#8211; MOODY THEATER<br>JAN 28, 2018 HOUSTON, TX  &#8211;  HOBBY CENTER FOR THE PERFORMING ARTS<br>JAN 30, 2018 ORLANDO, FL  &#8211;  HARD ROCK LIVE<br>JAN 31, 2018 JACKSONVILLE, FL  &#8211;  FLORIDA THEATRE<br>FEB 01, 2018 FT. LAUDERDALE, FL  &#8211;  PARKER PLAYHOUSE<br>FEB 02, 2018 FORT MYERS, FL  &#8211;  BARBARA B MANN PERFORMING ARTS HALL<br>FEB 03, 2018 ST PETERSBERG, FL  &#8211;  MAHAFFEY THEATER<br>FEB 06, 2018 RALEIGH, NC  &#8211;  RALEIGH MEMORIAL AUDITORIUM<br>FEB 07, 2018 NEW YORK, NY &#8211; AN EVENING OF CONVERSATION WITH JOE, JOHN, &amp; PHIL @ THE CUTTING ROOM NYC<br>FEB 08, 2018 WALLINGFORD, CT  &#8211;  TOYOTA PRESENTS OAKDALE THEATRE<br>FEB 09, 2018 SYRACUSE, NY  &#8211;  LANDMARK THEATRE<br>FEB 10, 2018 ALBANY, NY  &#8211;  PALACE THEATRE<br>FEB 11, 2018 GREENSBURG, PA  &#8211;  THE PALACE THEATRE<br>FEB 12, 2018 DETROIT, MI  &#8211;  FILLMORE DETROIT<br>FEB 14, 2018 WASHINGTON, DC  &#8211;  WARNER THEATRE<br>FEB 15, 2018 BOSTON, MA  &#8211;  ORPHEUM THEATRE<br>FEB 16, 2018 NEW YORK, NY  &#8211;  BEACON THEATRE<br>FEB 17, 2018 PHILADELPHIA, PA  &#8211;  MERRIAM THEATER<br>FEB 18, 2018 NEWARK, NJ  &#8211;  NEW JERSEY PERFORMING ARTS CENTER<br>FEB 20, 2018 ROCHESTER, NY  &#8211;  AUDITORIUM THEATRE<br>FEB 21, 2018 TORONTO, ON CA  &#8211;  MASSEY HALL<br>FEB 22, 2018 NORTHFIELD, OH  &#8211;  HARD ROCK LIVE<br>FEB 23, 2018 CHICAGO, IL  &#8211;  CHICAGO THEATRE<br>FEB 24, 2018 MINNEAPOLIS, MN  &#8211;  STATE THEATRE<br>FEB 25, 2018 MILWAUKEE, WI  &#8211;  RIVERSIDE THEATRE<\/p>\n\n\n\n<h2 class=\"has-text-align-center wp-block-heading\">2018 WHAT HAPPENS NEXT \/ G3 TOUR<\/h2>\n\n\n\n<h3 class=\"has-text-align-center wp-block-heading\">FEATURING JOE SATRIANI <br>JOINED BY JOHN PETRUCCI (DREAM THEATER) <br>AND ULI JON ROTH (SCORPIONS)<\/h3>\n\n\n\n<h4 class=\"has-text-align-center wp-block-heading\">JOE SATRIANI (GUITAR), MIKE KENEALLY (KEYBOARDS\/GUITAR), BRYAN BELLER (BASS) AND JOE TRAVERS (DRUMS)<\/h4>\n\n\n\n<p>MAR 16, 2018 MOSCOW, CENTRAL RU &#8211; CROCUS CITY HALL<br>MAR 19, 2018 WARSAW, PL  &#8211;  TORWAR<br>MAR 20, 2018 PRAGUE, CZ  &#8211;  PRAGUE CONGRESS CENTRE<br>MAR 21, 2018 BRATISLAVA, SK  &#8211;  INCHEBA EXPO ARENA<br>MAR 24, 2018 OSLO, NO  &#8211;  OSLO KONSERTHUS<br>MAR 25, 2018 AALBORG, DK  &#8211;  ROYAL STAGE<br>MAR 26, 2018 FILDERSTADT, DE  &#8211;  FILHARMONIE FILDERSTADT<br>MAR 27, 2018 OFFENBACH, DE  &#8211;  STADHALLE OFFENBACH<br>MAR 28, 2018 COLOGNE, DE  &#8211;  E WERK<br>MAR 29, 2018 BERLIN, DE  &#8211;  TEMPODROM<br>MAR 31, 2018 GRONINGEN, NL  &#8211;  DE OOSTERPOORT<br>APR 02, 2018 ROME, IT AUDITORIUM  &#8211;  PARCO DELLA MUSICA<br>APR 03, 2018 FLORENCE, IT  &#8211;  TEATRO VERD<br>APR 04, 2018 MILAN, IT  &#8211;  TEATRO DEGLI ARCIMBOLDI<br>APR 06, 2018 BILBAO, ES  &#8211;  EUSKALDUNA<br>APR 07, 2018 BARCELONA, ES  &#8211;  AUDITORI FORUM<br>APR 09, 2018 MADRID, ES  &#8211;  WIZINK CENTER<br>APR 11, 2018 ZURICH, CH  &#8211;  VOLKSHAUS Z\u00dcRICH<br>APR 14, 2018 EINDHOVEN, NL  &#8211;  KLOKGEBOUW CULTUURHALLEN<br>APR 15, 2018 LYON, FR  &#8211;  L&#8217;AMPHITH\u00c9\u00c2TRE DE LA CIT\u00c9 DES CONGR\u00c8S<br>APR 16, 2018 PARIS, FR  &#8211;  LA SEINE MUSICALE<br>APR 17, 2018 BORDEAUX, FR  &#8211;  METROPOLE ARENA<br>APR 18, 2018 TOULOUSE, FR  &#8211;  ZENITH<br>APR 19, 2018 NANTES, FR  &#8211;  ZENITH<br>APR 21, 2018 ANTWERP, BE  &#8211;  STADSSCHOUWBURG<br>APR 23, 2018 LILLE, FR  &#8211;  ZENITH<br>APR 24, 2018 SOUTHEND, GB  &#8211;  CLIFFS PAVILION<br>APR 25, 2018 HAMMERSMITH, GB  &#8211;  LONDON EVENTIM APOLLO<br>APR 26, 2018 BRISTOL, GB  &#8211;  COLSTON HALL<br>APR 27, 2018 MANCHESTER, GB  &#8211;  APOLLO MANCHESTER<br>APR 29, 2018 PORTSMOUTH, GB  &#8211;  PORTSMOUTH GUILDHALL<br>APR 30, 2018 BIRMINGHAM, GB  &#8211;  SYMPHONY HALL<\/p>\n\n\n\n<h2 class=\"has-text-align-center wp-block-heading\">2018 CANADA &#8211; WHAT HAPPENS NEXT TOUR<\/h2>\n\n\n\n<h4 class=\"has-text-align-center wp-block-heading\">JOE SATRIANI (GUITAR), MIKE KENEALLY (KEYBOARDS\/GUITAR), BRYAN BELLER (BASS) AND JOE TRAVERS (DRUMS)<\/h4>\n\n\n\n<p>MAY 25, 2018 MONTREAL, QC CA &#8211; MTELUS<br>MAY 26, 2018 ROUYN-NORANDA, QC CA  &#8211;  FESTIVAL DES GUITARES DU MONDE<br>MAY 27, 2018 ROUYN-NORANDA, QC CA  &#8211;  FESTIVAL DES GUITARES DU MONDE<br>MAY 30, 2018 CALGARY, AB CA  &#8211;  GREY EAGLE EVENT CENTRE<br>JUN 01, 2018 VANCOUVER, CA  &#8211;  THE COMMODORE BALLROOM<\/p>\n\n\n\n<hr class=\"wp-block-separator\"\/>\n\n\n\n<p><strong>July 14, 2018 &#8211; The Baked Potato, Studio City CA<\/strong><br>Mike Keneally &amp; Beer for Dolphins<br>personnel: MK, Bryan Beller, Rick Musallam, Griff Peters, Joe Travers<br>Two sets<br>setlist:<br>tape:<\/p>\n\n\n\n<hr class=\"wp-block-separator\"\/>\n\n\n\n<h2 class=\"has-text-align-center wp-block-heading\">2018 EUROPE &#8211; WHAT HAPPENS NEXT TOUR<\/h2>\n\n\n\n<h4 class=\"has-text-align-center wp-block-heading\">JOE SATRIANI (GUITAR), MIKE KENEALLY (KEYBOARDS\/GUITAR), BRYAN BELLER (BASS) AND JOE TRAVERS (DRUMS)<\/h4>\n\n\n\n<p>JUL 19, 2018 ST JULIEN EN GENEVOIS, FR &#8211; GUITARE EN SCENE<br>JUL 20, 2018 PAVIA, IT  &#8211;  CASTELLO VISCONTEO<br>JUL 21, 2018 MOLFETTA, IT  &#8211;  ANFITEATRO DI PONENTE<br>JUL 22, 2018 PADOVA, VENETO IT &#8211;  GRAN TEATRO GEOX<br>JUL 23, 2018 BUDAPEST, HU  &#8211;  BARBA NEGRA TRACK<br>JUL 25, 2018 BUCHAREST, RO  &#8211;  ARENELE ROMANE<br>JUL 27, 2018 ISTANBUL, TR  &#8211;  KUCUKCIFTLIK PARK (IstanbulBlueNight presents Joe Satriani)<\/p>\n\n\n\n<hr class=\"wp-block-separator\"\/>\n\n\n\n<div class=\"wp-block-image\"><figure class=\"aligncenter size-large\"><img decoding=\"async\" src=\"https:\/\/www.keneally.com\/keneallist\/pix\/FAISDODO_010-19-2018_web_poster_a.jpg\" alt=\"\"\/><\/figure><\/div>\n\n\n\n<p><strong>October 19, 2018 &#8211; Fais Do-Do, Studio City CA<\/strong><br>Mike Keneally &amp; Beer for Dolphins<br>With Disreputable Few and Zolomon opening<br>personnel: MK, Bryan Beller, Rick Musallam, Griff Peters, Joe Travers<br>setlist:<br>tape:<\/p>\n\n\n\n<hr class=\"wp-block-separator\"\/>\n\n\n\n<div class=\"wp-block-image\"><figure class=\"aligncenter size-large\"><img decoding=\"async\" src=\"https:\/\/www.keneally.com\/keneallist\/pix\/MK's_Halloween_Bass_Party.jpg\" alt=\"\"\/><\/figure><\/div>\n\n\n\n<p><strong>October 27, 2018 &#8211; The Baked Potato, Studio City CA<\/strong><br><em>MK&#8217;s Halloween Bass Party<\/em><br>Mike Keneally &amp; Beer for Dolphins<br>personnel: MK (bass, guitar, keys, vocal), Rick Musallam (guitar, bass, vocal), Griff Peters (guitar, vocal), Joe Travers (drums, vocal)<br>Two sets<br>setlist:<br>tape:<\/p>\n\n\n\n<hr class=\"wp-block-separator\"\/>\n\n\n\n<p><strong>October 28, 2018 &#8211; The Baked Potato, Studio City CA<\/strong><br><em>MK as special guest with PET SHARK for their CARNIVORE CRUISES album release show<\/em><br>personnel: MK with Pet Shark<br>Two sets<br>setlist:<br>tape:<\/p>\n\n\n\n<hr class=\"wp-block-separator\"\/>\n\n\n\n<div class=\"wp-block-image\"><figure class=\"aligncenter size-large\"><img decoding=\"async\" src=\"https:\/\/www.keneally.com\/keneallist\/pix\/Satriani-2018Tour-VIPheader.jpg\" alt=\"\"\/><\/figure><\/div>\n\n\n\n<h2 class=\"has-text-align-center wp-block-heading\">2018 AUSTRALIA &#8211; WHAT HAPPENS NEXT TOUR<\/h2>\n\n\n\n<h4 class=\"has-text-align-center wp-block-heading\">JOE SATRIANI (GUITAR), MIKE KENEALLY (KEYBOARDS\/GUITAR), BRYAN BELLER (BASS) AND JOE TRAVERS (DRUMS)<\/h4>\n\n\n\n<p>NOV 24, 2018 PERTH, AU &#8211; ASTOR THEATRE<br>NOV 26, 2018 ADELAIDE, AU &#8211; HQ<br>NOV 28, 2018 MELBOURNE, AU &#8211; FORUM THEATRE<br>NOV 30, 2018 CANBERRA, AU &#8211; CANBERRA THEATRE<br>DEC 01, 2018 SYDNEY, AU &#8211; STATE THEATRE<br>DEC 02, 2018 BRISBANE, AU &#8211; THE TIVOLI<br>DEC 04, 2018 AUCKLAND, NZ &#8211; THE POWERSTATION<\/p>\n\n\n\n<h2 class=\"has-text-align-center wp-block-heading\">2018 INDIA &#8211; WHAT HAPPENS NEXT TOUR<\/h2>\n\n\n\n<h4 class=\"has-text-align-center wp-block-heading\">JOE SATRIANI (GUITAR), MIKE KENEALLY (KEYBOARDS\/GUITAR), BRYAN BELLER (BASS) AND JOE TRAVERS (DRUMS)<\/h4>\n\n\n\n<p>DEC 08, 2018 MAHALAKSHMI LAWNS, PUNE IN &#8211; BACARDI NH7 WEEKENDER 2018<\/p>\n","protected":false},"excerpt":{"rendered":"<p>2018 WHAT HAPPENS NEXT \/ G3 U.S. TOUR FEATURING JOE SATRIANI JOINED BY JOHN PETRUCCI (DREAM THEATER) AND PHIL COLLEN[&#8230;]<\/p>\n","protected":false},"author":3,"featured_media":0,"parent":964,"menu_order":52018,"comment_status":"closed","ping_status":"closed","template":"","meta":{"footnotes":""},"class_list":["post-1843","page","type-page","status-publish","hentry"],"yoast_head":"<!-- This site is optimized with the Yoast SEO plugin v27.3 - https:\/\/yoast.com\/product\/yoast-seo-wordpress\/ -->\n<title>The Tour Chronology: 2018 - The Mike Keneally Tour Chronology<\/title>\n<meta name=\"description\" content=\"What Happens Next? In 2018 Mike Keneally is touring the world with Joe Satriani and the G3 and playing a few gigs with Beer For Dolphins.\" \/>\n<meta name=\"robots\" content=\"index, follow, max-snippet:-1, max-image-preview:large, max-video-preview:-1\" \/>\n<link rel=\"canonical\" href=\"https:\/\/www.keneally.com\/chronology\/tour-chronology\/the-tour-chronology-2018\/\" \/>\n<meta property=\"og:locale\" content=\"en_US\" \/>\n<meta property=\"og:type\" content=\"article\" \/>\n<meta property=\"og:title\" content=\"The Tour Chronology: 2018 - The Mike Keneally Tour Chronology\" \/>\n<meta property=\"og:description\" content=\"What Happens Next? In 2018 Mike Keneally is touring the world with Joe Satriani and the G3 and playing a few gigs with Beer For Dolphins.\" \/>\n<meta property=\"og:url\" content=\"https:\/\/www.keneally.com\/chronology\/tour-chronology\/the-tour-chronology-2018\/\" \/>\n<meta property=\"og:site_name\" content=\"The Mike Keneally Tour Chronology\" \/>\n<meta property=\"article:modified_time\" content=\"2021-08-02T08:14:35+00:00\" \/>\n<meta property=\"og:image\" content=\"http:\/\/satriani.com\/images\/banner-g3_2018_new-nolink.jpg\" \/>\n<meta name=\"twitter:card\" content=\"summary_large_image\" \/>\n<meta name=\"twitter:label1\" content=\"Est. reading time\" \/>\n\t<meta name=\"twitter:data1\" content=\"6 minutes\" \/>\n<script type=\"application\/ld+json\" class=\"yoast-schema-graph\">{\"@context\":\"https:\\\/\\\/schema.org\",\"@graph\":[{\"@type\":\"WebPage\",\"@id\":\"https:\\\/\\\/www.keneally.com\\\/chronology\\\/tour-chronology\\\/the-tour-chronology-2018\\\/\",\"url\":\"https:\\\/\\\/www.keneally.com\\\/chronology\\\/tour-chronology\\\/the-tour-chronology-2018\\\/\",\"name\":\"The Tour Chronology: 2018 - The Mike Keneally Tour Chronology\",\"isPartOf\":{\"@id\":\"https:\\\/\\\/www.keneally.com\\\/chronology\\\/#website\"},\"primaryImageOfPage\":{\"@id\":\"https:\\\/\\\/www.keneally.com\\\/chronology\\\/tour-chronology\\\/the-tour-chronology-2018\\\/#primaryimage\"},\"image\":{\"@id\":\"https:\\\/\\\/www.keneally.com\\\/chronology\\\/tour-chronology\\\/the-tour-chronology-2018\\\/#primaryimage\"},\"thumbnailUrl\":\"http:\\\/\\\/satriani.com\\\/images\\\/banner-g3_2018_new-nolink.jpg\",\"datePublished\":\"2021-06-01T09:00:45+00:00\",\"dateModified\":\"2021-08-02T08:14:35+00:00\",\"description\":\"What Happens Next? In 2018 Mike Keneally is touring the world with Joe Satriani and the G3 and playing a few gigs with Beer For Dolphins.\",\"breadcrumb\":{\"@id\":\"https:\\\/\\\/www.keneally.com\\\/chronology\\\/tour-chronology\\\/the-tour-chronology-2018\\\/#breadcrumb\"},\"inLanguage\":\"en-US\",\"potentialAction\":[{\"@type\":\"ReadAction\",\"target\":[\"https:\\\/\\\/www.keneally.com\\\/chronology\\\/tour-chronology\\\/the-tour-chronology-2018\\\/\"]}]},{\"@type\":\"ImageObject\",\"inLanguage\":\"en-US\",\"@id\":\"https:\\\/\\\/www.keneally.com\\\/chronology\\\/tour-chronology\\\/the-tour-chronology-2018\\\/#primaryimage\",\"url\":\"http:\\\/\\\/satriani.com\\\/images\\\/banner-g3_2018_new-nolink.jpg\",\"contentUrl\":\"http:\\\/\\\/satriani.com\\\/images\\\/banner-g3_2018_new-nolink.jpg\"},{\"@type\":\"BreadcrumbList\",\"@id\":\"https:\\\/\\\/www.keneally.com\\\/chronology\\\/tour-chronology\\\/the-tour-chronology-2018\\\/#breadcrumb\",\"itemListElement\":[{\"@type\":\"ListItem\",\"position\":1,\"name\":\"Home\",\"item\":\"https:\\\/\\\/www.keneally.com\\\/chronology\\\/\"},{\"@type\":\"ListItem\",\"position\":2,\"name\":\"The Mike Keneally Tour Chronology\",\"item\":\"https:\\\/\\\/www.keneally.com\\\/chronology\\\/\"},{\"@type\":\"ListItem\",\"position\":3,\"name\":\"The Tour Chronology: 2018\"}]},{\"@type\":\"WebSite\",\"@id\":\"https:\\\/\\\/www.keneally.com\\\/chronology\\\/#website\",\"url\":\"https:\\\/\\\/www.keneally.com\\\/chronology\\\/\",\"name\":\"The Mike Keneally Tour Chronology\",\"description\":\"Mike Keneally shows, tours, gigs and appearances, with setlists, comments, photos and more.\",\"publisher\":{\"@id\":\"https:\\\/\\\/www.keneally.com\\\/chronology\\\/#organization\"},\"potentialAction\":[{\"@type\":\"SearchAction\",\"target\":{\"@type\":\"EntryPoint\",\"urlTemplate\":\"https:\\\/\\\/www.keneally.com\\\/chronology\\\/?s={search_term_string}\"},\"query-input\":{\"@type\":\"PropertyValueSpecification\",\"valueRequired\":true,\"valueName\":\"search_term_string\"}}],\"inLanguage\":\"en-US\"},{\"@type\":\"Organization\",\"@id\":\"https:\\\/\\\/www.keneally.com\\\/chronology\\\/#organization\",\"name\":\"The Mike Keneally Tour Chronology\",\"url\":\"https:\\\/\\\/www.keneally.com\\\/chronology\\\/\",\"logo\":{\"@type\":\"ImageObject\",\"inLanguage\":\"en-US\",\"@id\":\"https:\\\/\\\/www.keneally.com\\\/chronology\\\/#\\\/schema\\\/logo\\\/image\\\/\",\"url\":\"https:\\\/\\\/www.keneally.com\\\/chronology\\\/wp-content\\\/uploads\\\/2021\\\/07\\\/signature_mk_small.png\",\"contentUrl\":\"https:\\\/\\\/www.keneally.com\\\/chronology\\\/wp-content\\\/uploads\\\/2021\\\/07\\\/signature_mk_small.png\",\"width\":200,\"height\":45,\"caption\":\"The Mike Keneally Tour Chronology\"},\"image\":{\"@id\":\"https:\\\/\\\/www.keneally.com\\\/chronology\\\/#\\\/schema\\\/logo\\\/image\\\/\"}}]}<\/script>\n<!-- \/ Yoast SEO plugin. -->","yoast_head_json":{"title":"The Tour Chronology: 2018 - The Mike Keneally Tour Chronology","description":"What Happens Next? In 2018 Mike Keneally is touring the world with Joe Satriani and the G3 and playing a few gigs with Beer For Dolphins.","robots":{"index":"index","follow":"follow","max-snippet":"max-snippet:-1","max-image-preview":"max-image-preview:large","max-video-preview":"max-video-preview:-1"},"canonical":"https:\/\/www.keneally.com\/chronology\/tour-chronology\/the-tour-chronology-2018\/","og_locale":"en_US","og_type":"article","og_title":"The Tour Chronology: 2018 - The Mike Keneally Tour Chronology","og_description":"What Happens Next? In 2018 Mike Keneally is touring the world with Joe Satriani and the G3 and playing a few gigs with Beer For Dolphins.","og_url":"https:\/\/www.keneally.com\/chronology\/tour-chronology\/the-tour-chronology-2018\/","og_site_name":"The Mike Keneally Tour Chronology","article_modified_time":"2021-08-02T08:14:35+00:00","og_image":[{"url":"http:\/\/satriani.com\/images\/banner-g3_2018_new-nolink.jpg","type":"","width":"","height":""}],"twitter_card":"summary_large_image","twitter_misc":{"Est. reading time":"6 minutes"},"schema":{"@context":"https:\/\/schema.org","@graph":[{"@type":"WebPage","@id":"https:\/\/www.keneally.com\/chronology\/tour-chronology\/the-tour-chronology-2018\/","url":"https:\/\/www.keneally.com\/chronology\/tour-chronology\/the-tour-chronology-2018\/","name":"The Tour Chronology: 2018 - The Mike Keneally Tour Chronology","isPartOf":{"@id":"https:\/\/www.keneally.com\/chronology\/#website"},"primaryImageOfPage":{"@id":"https:\/\/www.keneally.com\/chronology\/tour-chronology\/the-tour-chronology-2018\/#primaryimage"},"image":{"@id":"https:\/\/www.keneally.com\/chronology\/tour-chronology\/the-tour-chronology-2018\/#primaryimage"},"thumbnailUrl":"http:\/\/satriani.com\/images\/banner-g3_2018_new-nolink.jpg","datePublished":"2021-06-01T09:00:45+00:00","dateModified":"2021-08-02T08:14:35+00:00","description":"What Happens Next? In 2018 Mike Keneally is touring the world with Joe Satriani and the G3 and playing a few gigs with Beer For Dolphins.","breadcrumb":{"@id":"https:\/\/www.keneally.com\/chronology\/tour-chronology\/the-tour-chronology-2018\/#breadcrumb"},"inLanguage":"en-US","potentialAction":[{"@type":"ReadAction","target":["https:\/\/www.keneally.com\/chronology\/tour-chronology\/the-tour-chronology-2018\/"]}]},{"@type":"ImageObject","inLanguage":"en-US","@id":"https:\/\/www.keneally.com\/chronology\/tour-chronology\/the-tour-chronology-2018\/#primaryimage","url":"http:\/\/satriani.com\/images\/banner-g3_2018_new-nolink.jpg","contentUrl":"http:\/\/satriani.com\/images\/banner-g3_2018_new-nolink.jpg"},{"@type":"BreadcrumbList","@id":"https:\/\/www.keneally.com\/chronology\/tour-chronology\/the-tour-chronology-2018\/#breadcrumb","itemListElement":[{"@type":"ListItem","position":1,"name":"Home","item":"https:\/\/www.keneally.com\/chronology\/"},{"@type":"ListItem","position":2,"name":"The Mike Keneally Tour Chronology","item":"https:\/\/www.keneally.com\/chronology\/"},{"@type":"ListItem","position":3,"name":"The Tour Chronology: 2018"}]},{"@type":"WebSite","@id":"https:\/\/www.keneally.com\/chronology\/#website","url":"https:\/\/www.keneally.com\/chronology\/","name":"The Mike Keneally Tour Chronology","description":"Mike Keneally shows, tours, gigs and appearances, with setlists, comments, photos and more.","publisher":{"@id":"https:\/\/www.keneally.com\/chronology\/#organization"},"potentialAction":[{"@type":"SearchAction","target":{"@type":"EntryPoint","urlTemplate":"https:\/\/www.keneally.com\/chronology\/?s={search_term_string}"},"query-input":{"@type":"PropertyValueSpecification","valueRequired":true,"valueName":"search_term_string"}}],"inLanguage":"en-US"},{"@type":"Organization","@id":"https:\/\/www.keneally.com\/chronology\/#organization","name":"The Mike Keneally Tour Chronology","url":"https:\/\/www.keneally.com\/chronology\/","logo":{"@type":"ImageObject","inLanguage":"en-US","@id":"https:\/\/www.keneally.com\/chronology\/#\/schema\/logo\/image\/","url":"https:\/\/www.keneally.com\/chronology\/wp-content\/uploads\/2021\/07\/signature_mk_small.png","contentUrl":"https:\/\/www.keneally.com\/chronology\/wp-content\/uploads\/2021\/07\/signature_mk_small.png","width":200,"height":45,"caption":"The Mike Keneally Tour Chronology"},"image":{"@id":"https:\/\/www.keneally.com\/chronology\/#\/schema\/logo\/image\/"}}]}},"_links":{"self":[{"href":"https:\/\/www.keneally.com\/chronology\/wp-json\/wp\/v2\/pages\/1843","targetHints":{"allow":["GET"]}}],"collection":[{"href":"https:\/\/www.keneally.com\/chronology\/wp-json\/wp\/v2\/pages"}],"about":[{"href":"https:\/\/www.keneally.com\/chronology\/wp-json\/wp\/v2\/types\/page"}],"author":[{"embeddable":true,"href":"https:\/\/www.keneally.com\/chronology\/wp-json\/wp\/v2\/users\/3"}],"replies":[{"embeddable":true,"href":"https:\/\/www.keneally.com\/chronology\/wp-json\/wp\/v2\/comments?post=1843"}],"version-history":[{"count":3,"href":"https:\/\/www.keneally.com\/chronology\/wp-json\/wp\/v2\/pages\/1843\/revisions"}],"predecessor-version":[{"id":1920,"href":"https:\/\/www.keneally.com\/chronology\/wp-json\/wp\/v2\/pages\/1843\/revisions\/1920"}],"up":[{"embeddable":true,"href":"https:\/\/www.keneally.com\/chronology\/wp-json\/wp\/v2\/pages\/964"}],"wp:attachment":[{"href":"https:\/\/www.keneally.com\/chronology\/wp-json\/wp\/v2\/media?parent=1843"}],"curies":[{"name":"wp","href":"https:\/\/api.w.org\/{rel}","templated":true}]}}